{"id":661,"date":"2024-03-27T23:21:13","date_gmt":"2024-03-27T22:21:13","guid":{"rendered":"https:\/\/imaker.pinardi.com\/?page_id=661"},"modified":"2024-03-27T23:30:40","modified_gmt":"2024-03-27T22:30:40","slug":"page_id145","status":"publish","type":"page","link":"https:\/\/imaker.pinardi.com\/?page_id=661","title":{"rendered":"Pol\u00edtica de privacidad"},"content":{"rendered":"<h3>INTRODUCCI\u00d3N<\/h3>\n<p>En Proyecto InnovaMaker de Pinardi, sensibilizados con las necesidades de los usuarios de Internet y conscientes de la importancia de la rigurosa privacidad de la informaci\u00f3n personal que nos conf\u00edan, incluimos esta declaraci\u00f3n de privacidad con el objeto de que seas consciente de la pol\u00edtica en el tratamiento de los datos personales que obtiene de sus visitantes y usuarios.<\/p><p>Como usuario, aceptas estas condiciones por el mero hecho de leer, visualizar o navegar en el sitio. De no aceptarlas, debes abandonar el sitio, sin hacer uso alguno de \u00e9l y su contenido, y sin acceder a las p\u00e1ginas enlazadas.<\/p>\n<h3 id='responsable'>RESPONSABLE DEL TRATAMIENTO DE DATOS<\/h3>\n<p>El titular del sitio y responsable del tratamiento de datos es Federaci\u00f3n de Plataformas Sociales Pinardi, con NIF G83169524, para contactar puedes utilizar la direcci\u00f3n de correo electr\u00f3nico <a href=\"mailto:p%72ot&#101;&#99;c%69%6fn&#100;a&#116;&#111;%73%40p%69&#110;%61&#114;&#100;i.c&#111;%6d\">pro&#116;ec&#99;io&#110;d&#97;t&#111;s&#64;&#112;i&#110;&#97;r&#100;i.&#99;&#111;m<\/a>, el tel\u00e9fono 914681252 o correo postal a Marqu\u00e9s de la Valdavia, 2, c\u00f3digo postal 28012 de Madrid.<\/p>\n<h3 id='finalidad'>FINALIDAD DEL TRATAMIENTO DE DATOS<\/h3>\n<p>En nuestros sitios web, existen unos apartados espec\u00edficos donde puedes anotar tus datos para recibir informaci\u00f3n sobre actualizaciones de nuestra web y de algunos los programas que se distribuyen. Nosotros te aseguramos que la informaci\u00f3n que nos facilites ser\u00e1 gestionada de forma totalmente confidencial.<\/p><p>Los datos se almacenar\u00e1n mientras exista previsi\u00f3n de su uso para el fin por el que fueron recabados.<\/p><p>No se realizan tomas de decisiones automatizadas con tus datos.<\/p><p>La web puede utilizar cookies, consulta nuestra <a href=\"https:\/\/imaker.pinardi.com\/cookies\/\">pol\u00edtica de cookies<\/a>.<\/p>\n<h3 id='legitimacion'>LEGITIMACI\u00d3N DEL TRATAMIENTO DE DATOS<\/h3>\n<p>El uso de tus datos se realiza porque nos das tu consentimiento para usar los que nos proporcionas en los formularios para un uso espec\u00edfico que se indica en cada uno de ellos. Tus datos solo son necesarios para los usos concretos por los que se te solicitan, si no nos los facilitas, esos servicios no son posibles.<\/p>\n<h3 id='transferencia'>TRANSFERENCIAS Y CESIONES DE DATOS<\/h3>\n<p>Existe un compromiso firme por nuestra parte de que los datos que proporcione a Proyecto InnovaMaker de Pinardi, no ser\u00e1n vendidos ni cedidos a terceras personas sin el previo consentimiento del interesado bajo ning\u00fan concepto o circunstancia, salvo consentimiento expreso u obligaci\u00f3n legal.<\/p><p>Nuestro sitio web contiene enlaces hacia sitios web de terceros. Proyecto InnovaMaker de Pinardi no se hace responsable por las pol\u00edticas y pr\u00e1cticas de privacidad de estos otros sitios.<\/p>\n<h3 id='derechos'>DERECHOS DE LOS INTERESADOS<\/h3>\n<p>Tienes el derecho de acceder a la informaci\u00f3n que sobre tu persona est\u00e1 almacenada en nuestras bases de datos, rectificarla si existiera alguna errata, suprimirla, limitarla, oponerte a su tratamiento y retirar tu consentimiento si ese es tu deseo. Para ello simplemente debes escribir un e-mail a la direcci\u00f3n de correo electr\u00f3nico <a href=\"mailto:%70%72%6ftecc%69&#111;%6eda&#116;%6f%73&#64;&#112;i&#110;&#97;&#114;di.co&#109;\">&#112;&#114;&#111;&#116;ecc&#105;&#111;&#110;&#100;&#97;t&#111;&#115;&#64;p&#105;nar&#100;&#105;&#46;c&#111;m<\/a> donde te atenderemos gustosamente cualquier consulta, comentario o aclaraci\u00f3n requerida al respecto.<\/p><p>Para mayor informaci\u00f3n sobre temas relacionados, el sitio de referencia en la Red espa\u00f1ola es la <a href=\"https:\/\/www.agpd.es\/\">Agencia de Protecci\u00f3n de Datos<\/a>, donde tienes derecho a reclamar.<\/p>\n\n\n\n\n<p>Utilizamos la herramienta de consentimiento \u00abReal Cookie Banner\u00bb para gestionar las cookies y otras tecnolog\u00edas similares utilizadas (p\u00edxeles de seguimiento, balizas web, etc.), y los consentimientos relacionados a las mismas. Encontrar\u00e1 informaci\u00f3n detallada sobre el funcionamiento de \u00abReal Cookie Banner\u00bb en <a href=\"https:\/\/devowl.io\/rcb\/data-processing\/\" rel=\"noreferrer noopener\" target=\"_blank\">https:\/\/devowl.io\/rcb\/data-processing\/<\/a>.<\/p>\n\n\n\n<p>La base legal para el tratamiento de datos personales en este contexto son el Art\u00edculo 6 (1) sub. c del RGPD y el Art\u00edculo 6 (1) sub. f RGPD. Nuestro inter\u00e9s leg\u00edtimo es la gesti\u00f3n de las cookies y tecnolog\u00edas similares utilizadas y los consentimientos relacionados.<\/p>\n\n\n\n<p>El suministro de datos personales no es obligatorio por contrato ni necesario para la celebraci\u00f3n de un contrato. Usted no est\u00e1 obligado a facilitar sus datos personales. Pero si no lo hace, no podremos gestionar sus consentimientos.<\/p>\n","protected":false},"excerpt":{"rendered":"<p>Utilizamos la herramienta de consentimiento \u00abReal Cookie Banner\u00bb para gestionar las cookies y otras tecnolog\u00edas similares utilizadas (p\u00edxeles de seguimiento, balizas web, etc.), y los consentimientos relacionados a las mismas. Encontrar\u00e1 informaci\u00f3n detallada sobre el funcionamiento de \u00abReal Cookie Banner\u00bb en https:\/\/devowl.io\/rcb\/data-processing\/. La base legal para el tratamiento de datos personales en este contexto son [&hellip;]<\/p>\n","protected":false},"author":1,"featured_media":0,"parent":0,"menu_order":0,"comment_status":"closed","ping_status":"closed","template":"","meta":{"_et_pb_use_builder":"","_et_pb_old_content":"","_et_gb_content_width":"","footnotes":""},"class_list":["post-661","page","type-page","status-publish","hentry"],"_links":{"self":[{"href":"https:\/\/imaker.pinardi.com\/index.php?rest_route=\/wp\/v2\/pages\/661","targetHints":{"allow":["GET"]}}],"collection":[{"href":"https:\/\/imaker.pinardi.com\/index.php?rest_route=\/wp\/v2\/pages"}],"about":[{"href":"https:\/\/imaker.pinardi.com\/index.php?rest_route=\/wp\/v2\/types\/page"}],"author":[{"embeddable":true,"href":"https:\/\/imaker.pinardi.com\/index.php?rest_route=\/wp\/v2\/users\/1"}],"replies":[{"embeddable":true,"href":"https:\/\/imaker.pinardi.com\/index.php?rest_route=%2Fwp%2Fv2%2Fcomments&post=661"}],"version-history":[{"count":1,"href":"https:\/\/imaker.pinardi.com\/index.php?rest_route=\/wp\/v2\/pages\/661\/revisions"}],"predecessor-version":[{"id":673,"href":"https:\/\/imaker.pinardi.com\/index.php?rest_route=\/wp\/v2\/pages\/661\/revisions\/673"}],"wp:attachment":[{"href":"https:\/\/imaker.pinardi.com\/index.php?rest_route=%2Fwp%2Fv2%2Fmedia&parent=661"}],"curies":[{"name":"wp","href":"https:\/\/api.w.org\/{rel}","templated":true}]}}