{"id":1183,"date":"2025-12-17T13:29:18","date_gmt":"2025-12-17T12:29:18","guid":{"rendered":"https:\/\/imaker.pinardi.com\/?page_id=1183"},"modified":"2025-12-26T12:09:00","modified_gmt":"2025-12-26T11:09:00","slug":"plan-de-transferencia","status":"publish","type":"page","link":"https:\/\/imaker.pinardi.com\/?page_id=1183","title":{"rendered":"Plan de Transferencia"},"content":{"rendered":"[et_pb_section fb_built=\u00bb1&#8243; fullwidth=\u00bbon\u00bb _builder_version=\u00bb4.27.5&#8243; _module_preset=\u00bbdefault\u00bb global_colors_info=\u00bb{}\u00bb][et_pb_fullwidth_post_title meta=\u00bboff\u00bb featured_image=\u00bboff\u00bb _builder_version=\u00bb4.27.5&#8243; _module_preset=\u00bbdefault\u00bb text_orientation=\u00bbright\u00bb global_colors_info=\u00bb{}\u00bb][\/et_pb_fullwidth_post_title][\/et_pb_section][et_pb_section fb_built=\u00bb1&#8243; _builder_version=\u00bb4.22.2&#8243; _module_preset=\u00bbdefault\u00bb custom_padding=\u00bb0px||0px|||\u00bb global_colors_info=\u00bb{}\u00bb][et_pb_row column_structure=\u00bb1_2,1_2&#8243; _builder_version=\u00bb4.27.5&#8243; _module_preset=\u00bbdefault\u00bb custom_padding=\u00bb||0px|||\u00bb global_colors_info=\u00bb{}\u00bb][et_pb_column type=\u00bb1_2&#8243; _builder_version=\u00bb4.27.5&#8243; _module_preset=\u00bbdefault\u00bb global_colors_info=\u00bb{}\u00bb][et_pb_text _builder_version=\u00bb4.27.5&#8243; _module_preset=\u00bbdefault\u00bb global_colors_info=\u00bb{}\u00bb]\n<h2>ANEXOS Y DOCUMENTOS<\/h2>\n[\/et_pb_text][\/et_pb_column][et_pb_column type=\u00bb1_2&#8243; _builder_version=\u00bb4.27.5&#8243; _module_preset=\u00bbdefault\u00bb global_colors_info=\u00bb{}\u00bb][\/et_pb_column][\/et_pb_row][et_pb_row column_structure=\u00bb1_2,1_2&#8243; _builder_version=\u00bb4.27.5&#8243; _module_preset=\u00bbdefault\u00bb custom_padding=\u00bb2px|||||\u00bb global_colors_info=\u00bb{}\u00bb][et_pb_column type=\u00bb1_2&#8243; _builder_version=\u00bb4.27.5&#8243; _module_preset=\u00bbdefault\u00bb global_colors_info=\u00bb{}\u00bb][et_pb_blurb title=\u00bbGu\u00eda de Transferencia\u00bb url_new_window=\u00bbon\u00bb use_icon=\u00bbon\u00bb font_icon=\u00bb&#xf31e;||fa||900&#8243; icon_placement=\u00bbleft\u00bb _builder_version=\u00bb4.27.5&#8243; _module_preset=\u00bbdefault\u00bb custom_padding=\u00bb13px||10px|11px|false|false\u00bb link_option_url_new_window=\u00bbon\u00bb hover_enabled=\u00bb0&#8243; border_radii=\u00bbon|25px|25px|25px|25px\u00bb border_width_all=\u00bb2px\u00bb border_color_all=\u00bb#0C71C3&#8243; global_colors_info=\u00bb{}\u00bb sticky_enabled=\u00bb0&#8243;]\n<p><a href=\"http:\/\/imaker.pinardi.com\/wp-content\/uploads\/2025\/12\/Guia-de-Transferencia-Aula-Innova-Maker.pdf\" target=\"_blank\" rel=\"noopener\">Descargar<\/a><\/p>\n[\/et_pb_blurb][et_pb_blurb title=\u00bbManual de M\u00e1quinas (Fase 2)\u00bb use_icon=\u00bbon\u00bb font_icon=\u00bb&#xf085;||fa||900&#8243; icon_placement=\u00bbleft\u00bb _builder_version=\u00bb4.27.5&#8243; _module_preset=\u00bbdefault\u00bb custom_padding=\u00bb13px||10px|11px|false|false\u00bb border_radii=\u00bbon|25px|25px|25px|25px\u00bb border_width_all=\u00bb2px\u00bb border_color_all=\u00bb#0C71C3&#8243; global_colors_info=\u00bb{}\u00bb]\n<p><a href=\"http:\/\/imaker.pinardi.com\/wp-content\/uploads\/2025\/12\/MANUAL-USO-MAQUINARIA.pdf\" target=\"_blank\" rel=\"noopener\">Manual de uso de maquinaria<\/a><\/p>\n<p><a href=\"http:\/\/imaker.pinardi.com\/wp-content\/uploads\/2025\/12\/Manual-Cortadora-de-Vinilo.pdf\" target=\"_blank\" rel=\"noopener\">Manual Cortadora de Vinilo<\/a><\/p>\n<p><a href=\"http:\/\/imaker.pinardi.com\/wp-content\/uploads\/2025\/12\/Manual-Cortadora-Laser.pdf\" target=\"_blank\" rel=\"noopener\">Manual Cortadora L\u00e1ser<\/a><\/p>\n<p><a href=\"http:\/\/imaker.pinardi.com\/wp-content\/uploads\/2025\/12\/Manual-Impresora-3D.pdf\" target=\"_blank\" rel=\"noopener\">Manual Impresora 3D<\/a><\/p>\n[\/et_pb_blurb][et_pb_blurb title=\u00bbEjemplos Seguimiento de Proyectos\u00bb use_icon=\u00bbon\u00bb font_icon=\u00bb&#xf0ae;||fa||900&#8243; icon_placement=\u00bbleft\u00bb _builder_version=\u00bb4.27.5&#8243; _module_preset=\u00bbdefault\u00bb custom_padding=\u00bb13px||10px|11px|false|false\u00bb border_radii=\u00bbon|25px|25px|25px|25px\u00bb border_width_all=\u00bb2px\u00bb border_color_all=\u00bb#0C71C3&#8243; global_colors_info=\u00bb{}\u00bb]\n<p><a href=\"http:\/\/imaker.pinardi.com\/wp-content\/uploads\/2025\/12\/Proyecto-Cafeteria-Naranjoven.pdf\" target=\"_blank\" rel=\"noopener\">Proyecto Cafeter\u00eda\u00a0<\/a><\/p>\n<p><a href=\"http:\/\/imaker.pinardi.com\/wp-content\/uploads\/2025\/12\/Proyecto-Desafio-Calamar.pdf\" target=\"_blank\" rel=\"noopener\">Proyecto Desaf\u00edo Calamar<\/a><\/p>\n<p><a href=\"http:\/\/imaker.pinardi.com\/wp-content\/uploads\/2025\/12\/Proyecto-Fotomaton.pdf\" target=\"_blank\" rel=\"noopener\">Proyecto Fotomat\u00f3n<\/a><\/p>\n<p><a href=\"http:\/\/imaker.pinardi.com\/wp-content\/uploads\/2025\/12\/Proyecto-Manos-que-cuidan.pdf\" target=\"_blank\" rel=\"noopener\">Proyecto Manos que cuidan<\/a><\/p>\n<p><a href=\"http:\/\/imaker.pinardi.com\/wp-content\/uploads\/2025\/12\/Proyecto-Innovacion-en-salud-y-deporte.pdf\" target=\"_blank\" rel=\"noopener\">Proyecto Innovaci\u00f3n en salud y deporte<\/a><\/p>\n<p><a href=\"http:\/\/imaker.pinardi.com\/wp-content\/uploads\/2025\/12\/Proyecto-Modelando-el-pasado.pdf\" target=\"_blank\" rel=\"noopener\">Proyecto Modelando el pasado<\/a><\/p>\n<p><a href=\"http:\/\/imaker.pinardi.com\/wp-content\/uploads\/2025\/12\/Proyecto-Modernizando-Naranjoven.pdf\" target=\"_blank\" rel=\"noopener\">Proyecto Modernizaci\u00f3n<\/a><\/p>\n<p><a href=\"http:\/\/imaker.pinardi.com\/wp-content\/uploads\/2025\/12\/Proyecto-Monitoriza-tu-aula.pdf\" target=\"_blank\" rel=\"noopener\">Proyecto Monitoriza tu aula<\/a><\/p>\n[\/et_pb_blurb][et_pb_blurb title=\u00bbHerramientas evaluaci\u00f3n y seguimiento (Fase 3)\u00bb use_icon=\u00bbon\u00bb font_icon=\u00bb&#xf080;||fa||900&#8243; icon_placement=\u00bbleft\u00bb _builder_version=\u00bb4.27.5&#8243; _module_preset=\u00bbdefault\u00bb custom_padding=\u00bb13px||10px|11px|false|false\u00bb border_radii=\u00bbon|25px|25px|25px|25px\u00bb border_width_all=\u00bb2px\u00bb border_color_all=\u00bb#0C71C3&#8243; global_colors_info=\u00bb{}\u00bb]\n<p><a href=\"http:\/\/imaker.pinardi.com\/wp-content\/uploads\/2025\/12\/Herramienta-de-evaluacion-para-centros-Impacto-del-Aula-Maker-en-profesorado-y-organizacion.pdf\" target=\"_blank\" rel=\"noopener\">Herramienta de evaluaci\u00f3n para centros\u00a0<\/a><\/p>\n<p><a href=\"http:\/\/imaker.pinardi.com\/wp-content\/uploads\/2025\/12\/Instrumentos-de-evaluacion-del-impacto-en-el-alumnado.pdf\" target=\"_blank\" rel=\"noopener\">Instrumentos de evaluaci\u00f3n del impacto en el alumnado<\/a><\/p>\n<p><a href=\"http:\/\/imaker.pinardi.com\/wp-content\/uploads\/2025\/12\/Plantilla-Seguimiento-de-Proyectos.pdf\" target=\"_blank\" rel=\"noopener\">Plantilla Seguimiento de Proyectos<\/a><\/p>\n[\/et_pb_blurb][\/et_pb_column][et_pb_column type=\u00bb1_2&#8243; _builder_version=\u00bb4.27.5&#8243; _module_preset=\u00bbdefault\u00bb global_colors_info=\u00bb{}\u00bb][et_pb_blurb title=\u00bbInforme Final de Resultados\u00bb url_new_window=\u00bbon\u00bb use_icon=\u00bbon\u00bb font_icon=\u00bb&#xf0c6;||fa||900&#8243; icon_placement=\u00bbleft\u00bb _builder_version=\u00bb4.27.5&#8243; _module_preset=\u00bbdefault\u00bb custom_padding=\u00bb13px||10px|11px|false|false\u00bb link_option_url_new_window=\u00bbon\u00bb hover_enabled=\u00bb0&#8243; border_radii=\u00bbon|25px|25px|25px|25px\u00bb border_width_all=\u00bb2px\u00bb border_color_all=\u00bb#0C71C3&#8243; global_colors_info=\u00bb{}\u00bb sticky_enabled=\u00bb0&#8243;]\n<p><a href=\"http:\/\/imaker.pinardi.com\/wp-content\/uploads\/2025\/12\/Informe-final-de-resultados-Aula-Innova-Maker.pdf\" target=\"_blank\" rel=\"noopener\">Descargar<\/a><\/p>\n[\/et_pb_blurb][et_pb_blurb title=\u00bbManual de Aplicaci\u00f3n Pedag\u00f3gica (Fase 2)\u00bb use_icon=\u00bbon\u00bb font_icon=\u00bb&#xf1ae;||fa||900&#8243; icon_placement=\u00bbleft\u00bb _builder_version=\u00bb4.27.5&#8243; _module_preset=\u00bbdefault\u00bb custom_padding=\u00bb13px||10px|11px|false|false\u00bb border_radii=\u00bbon|25px|25px|25px|25px\u00bb border_width_all=\u00bb2px\u00bb border_color_all=\u00bb#0C71C3&#8243; global_colors_info=\u00bb{}\u00bb]\n<p><a href=\"http:\/\/imaker.pinardi.com\/wp-content\/uploads\/2025\/12\/Manual-de-Aplicacion-Pedagogica.pdf\" target=\"_blank\" rel=\"noopener\">Manual de Aplicaci\u00f3n Pedag\u00f3gica<\/a><\/p>\n<p><a href=\"http:\/\/imaker.pinardi.com\/wp-content\/uploads\/2025\/12\/Espacios-para-el-Aprendizaje.pdf\" target=\"_blank\" rel=\"noopener\">Espacios para el Aprendizaje<\/a><\/p>\n[\/et_pb_blurb][et_pb_blurb title=\u00bbR\u00fabricas\u00bb use_icon=\u00bbon\u00bb font_icon=\u00bb&#xf501;||fa||900&#8243; icon_placement=\u00bbleft\u00bb _builder_version=\u00bb4.27.5&#8243; _module_preset=\u00bbdefault\u00bb custom_padding=\u00bb13px||10px|11px|false|false\u00bb border_radii=\u00bbon|25px|25px|25px|25px\u00bb border_width_all=\u00bb2px\u00bb border_color_all=\u00bb#0C71C3&#8243; global_colors_info=\u00bb{}\u00bb]\n<p><a href=\"http:\/\/imaker.pinardi.com\/wp-content\/uploads\/2025\/12\/Rubrica-Cura.pdf\" target=\"_blank\" rel=\"noopener\">Cura<\/a><a href=\"http:\/\/imaker.pinardi.com\/wp-content\/uploads\/2025\/12\/Proyecto-Monitoriza-tu-aula.pdf\" target=\"_blank\" rel=\"noopener\"><\/a><\/p>\n<p><a href=\"http:\/\/imaker.pinardi.com\/wp-content\/uploads\/2025\/12\/Rubrica-Canva-Iniciacion-y-Avanzado.pdf\" target=\"_blank\" rel=\"noopener\">Canva &#8211; iniciaci\u00f3n y avanzado<\/a><\/p>\n<p><a href=\"http:\/\/imaker.pinardi.com\/wp-content\/uploads\/2025\/12\/Rubrica-Tinkercad-iman-3D.pdf\" target=\"_blank\" rel=\"noopener\">Tinkercad Im\u00e1n 3D<\/a><\/p>\n<p><a href=\"http:\/\/imaker.pinardi.com\/wp-content\/uploads\/2025\/12\/Rubrica-Reacondicionamiento-del-aula.pdf\" target=\"_blank\" rel=\"noopener\">Reacondicionamiento del aula<\/a><\/p>\n<p><a href=\"http:\/\/imaker.pinardi.com\/wp-content\/uploads\/2025\/12\/Rubrica-Pegatinas-personalizadas-y-reporte-de-actividades.pdf\" target=\"_blank\" rel=\"noopener\">Pegatinas personalizadas<\/a><\/p>\n<p><a href=\"http:\/\/imaker.pinardi.com\/wp-content\/uploads\/2025\/12\/Rubrica-Organizadores-2D.pdf\" target=\"_blank\" rel=\"noopener\">Organizadores 2D<\/a><\/p>\n<p><a href=\"http:\/\/imaker.pinardi.com\/wp-content\/uploads\/2025\/12\/Rubrica-Llaveros-2D.pdf\" target=\"_blank\" rel=\"noopener\">Llaveros 2D<\/a><\/p>\n<p><a href=\"http:\/\/imaker.pinardi.com\/wp-content\/uploads\/2025\/12\/Rubrica-InteligenciaArtificial.pdf\" target=\"_blank\" rel=\"noopener\">Inteligencia Artificial<\/a><\/p>\n<p><a href=\"http:\/\/imaker.pinardi.com\/wp-content\/uploads\/2025\/12\/Rubrica-Grabado-de-boligrafos.pdf\" target=\"_blank\" rel=\"noopener\">Grabado de boligrafos<\/a><\/p>\n<p><a href=\"http:\/\/imaker.pinardi.com\/wp-content\/uploads\/2025\/12\/Rubrica-Gestion-de-aula.pdf\" target=\"_blank\" rel=\"noopener\">Gesti\u00f3n de aula<\/a><\/p>\n<p><a href=\"http:\/\/imaker.pinardi.com\/wp-content\/uploads\/2025\/12\/Rubrica-Vinilos-textiles-sudaderas.pdf\" target=\"_blank\" rel=\"noopener\">Vinilos textiles &#8211; Sudaderas<\/a><\/p>\n<p><a href=\"http:\/\/imaker.pinardi.com\/wp-content\/uploads\/2025\/12\/Rubrica-Tinkercad.pdf\" target=\"_blank\" rel=\"noopener\">Tinkercad<\/a><\/p>\n[\/et_pb_blurb][et_pb_blurb title=\u00bbGu\u00eda de Seguimiento Econ\u00f3mico\u00bb use_icon=\u00bbon\u00bb font_icon=\u00bb&#xf688;||fa||900&#8243; icon_placement=\u00bbleft\u00bb _builder_version=\u00bb4.27.5&#8243; _module_preset=\u00bbdefault\u00bb custom_padding=\u00bb13px||10px|11px|false|false\u00bb border_radii=\u00bbon|25px|25px|25px|25px\u00bb border_width_all=\u00bb2px\u00bb border_color_all=\u00bb#0C71C3&#8243; global_colors_info=\u00bb{}\u00bb]\n<p><a href=\"http:\/\/imaker.pinardi.com\/wp-content\/uploads\/2025\/12\/Guia-Seguimiento-Economico.pdf\" target=\"_blank\" rel=\"noopener\">Descargar<\/a><\/p>\n[\/et_pb_blurb][\/et_pb_column][\/et_pb_row][\/et_pb_section]\n","protected":false},"excerpt":{"rendered":"<p>ANEXOS Y DOCUMENTOSDescargarManual de uso de maquinaria Manual Cortadora de Vinilo Manual Cortadora L\u00e1ser Manual Impresora 3DProyecto Cafeter\u00eda\u00a0 Proyecto Desaf\u00edo Calamar Proyecto Fotomat\u00f3n Proyecto Manos que cuidan Proyecto Innovaci\u00f3n en salud y deporte Proyecto Modelando el pasado Proyecto Modernizaci\u00f3n Proyecto Monitoriza tu aulaHerramienta de evaluaci\u00f3n para centros\u00a0 Instrumentos de evaluaci\u00f3n del impacto en el alumnado [&hellip;]<\/p>\n","protected":false},"author":1,"featured_media":0,"parent":0,"menu_order":0,"comment_status":"closed","ping_status":"closed","template":"","meta":{"_et_pb_use_builder":"on","_et_pb_old_content":"<!-- wp:shortcode -->\n[usp_gallery]\n<!-- \/wp:shortcode -->","_et_gb_content_width":"","footnotes":""},"class_list":["post-1183","page","type-page","status-publish","hentry"],"_links":{"self":[{"href":"https:\/\/imaker.pinardi.com\/index.php?rest_route=\/wp\/v2\/pages\/1183","targetHints":{"allow":["GET"]}}],"collection":[{"href":"https:\/\/imaker.pinardi.com\/index.php?rest_route=\/wp\/v2\/pages"}],"about":[{"href":"https:\/\/imaker.pinardi.com\/index.php?rest_route=\/wp\/v2\/types\/page"}],"author":[{"embeddable":true,"href":"https:\/\/imaker.pinardi.com\/index.php?rest_route=\/wp\/v2\/users\/1"}],"replies":[{"embeddable":true,"href":"https:\/\/imaker.pinardi.com\/index.php?rest_route=%2Fwp%2Fv2%2Fcomments&post=1183"}],"version-history":[{"count":16,"href":"https:\/\/imaker.pinardi.com\/index.php?rest_route=\/wp\/v2\/pages\/1183\/revisions"}],"predecessor-version":[{"id":1253,"href":"https:\/\/imaker.pinardi.com\/index.php?rest_route=\/wp\/v2\/pages\/1183\/revisions\/1253"}],"wp:attachment":[{"href":"https:\/\/imaker.pinardi.com\/index.php?rest_route=%2Fwp%2Fv2%2Fmedia&parent=1183"}],"curies":[{"name":"wp","href":"https:\/\/api.w.org\/{rel}","templated":true}]}}